{"id":35305,"date":"2024-07-23T13:47:54","date_gmt":"2024-07-23T11:47:54","guid":{"rendered":"https:\/\/digitechfp.com\/trabaja-en-digitech\/"},"modified":"2025-12-03T16:59:04","modified_gmt":"2025-12-03T15:59:04","slug":"trabaja-en-digitech","status":"publish","type":"page","link":"https:\/\/digitechfp.com\/ca\/trabaja-en-digitech\/","title":{"rendered":"Treballa a Digitech"},"content":{"rendered":"\t\t<div data-elementor-type=\"wp-page\" data-elementor-id=\"35305\" class=\"elementor elementor-35305 elementor-14659\" data-elementor-post-type=\"page\">\n\t\t\t\t<div class=\"elementor-element elementor-element-1b048ab e-flex e-con-boxed e-con e-parent\" data-id=\"1b048ab\" data-element_type=\"container\" data-e-type=\"container\" data-settings=\"{&quot;background_background&quot;:&quot;classic&quot;}\">\n\t\t\t\t\t<div class=\"e-con-inner\">\n\t\t<div data-dce-background-overlay-color=\"#009DE0\" data-dce-background-image-url=\"https:\/\/digitechfp.com\/wp-content\/uploads\/2024\/07\/trabaja-en-dt.jpg\" class=\"elementor-element elementor-element-55bf4fa e-flex e-con-boxed e-con e-child\" data-id=\"55bf4fa\" data-element_type=\"container\" data-e-type=\"container\" data-settings=\"{&quot;background_background&quot;:&quot;classic&quot;}\">\n\t\t\t\t\t<div class=\"e-con-inner\">\n\t\t<div class=\"elementor-element elementor-element-cb82950 e-con-full e-flex e-con e-child\" data-id=\"cb82950\" data-element_type=\"container\" data-e-type=\"container\">\n\t\t<div class=\"elementor-element elementor-element-147dcb1 e-flex e-con-boxed e-con e-child\" data-id=\"147dcb1\" data-element_type=\"container\" data-e-type=\"container\">\n\t\t\t\t\t<div class=\"e-con-inner\">\n\t\t\t\t<div data-dce-title-color=\"#FFFFFF\" class=\"elementor-element elementor-element-f262585 elementor-widget elementor-widget-heading\" data-id=\"f262585\" data-element_type=\"widget\" data-e-type=\"widget\" data-widget_type=\"heading.default\">\n\t\t\t\t<div class=\"elementor-widget-container\">\n\t\t\t\t\t<h2 class=\"elementor-heading-title elementor-size-default\">Departament de Recursos Humans<\/h2>\t\t\t\t<\/div>\n\t\t\t\t<\/div>\n\t\t\t\t<div data-dce-title-color=\"#FFFFFF\" class=\"elementor-element elementor-element-51e8036 elementor-widget elementor-widget-heading\" data-id=\"51e8036\" data-element_type=\"widget\" data-e-type=\"widget\" data-widget_type=\"heading.default\">\n\t\t\t\t<div class=\"elementor-widget-container\">\n\t\t\t\t\t<h2 class=\"elementor-heading-title elementor-size-default\">Treballa a DIGITECH.<\/h2>\t\t\t\t<\/div>\n\t\t\t\t<\/div>\n\t\t\t\t<div data-dce-title-color=\"#FFFFFF\" class=\"elementor-element elementor-element-04d4394 elementor-widget elementor-widget-heading\" data-id=\"04d4394\" data-element_type=\"widget\" data-e-type=\"widget\" data-widget_type=\"heading.default\">\n\t\t\t\t<div class=\"elementor-widget-container\">\n\t\t\t\t\t<h2 class=\"elementor-heading-title elementor-size-default\">El centre especialitzat d'FP Inform\u00e0tica amb els t\u00edtols oficials m\u00e9s valorats del mercat.<\/h2>\t\t\t\t<\/div>\n\t\t\t\t<\/div>\n\t\t\t\t\t<\/div>\n\t\t\t\t<\/div>\n\t\t<div class=\"elementor-element elementor-element-89243b0 e-flex e-con-boxed e-con e-child\" data-id=\"89243b0\" data-element_type=\"container\" data-e-type=\"container\">\n\t\t\t\t\t<div class=\"e-con-inner\">\n\t\t<div class=\"elementor-element elementor-element-77d7e5e e-flex e-con-boxed e-con e-child\" data-id=\"77d7e5e\" data-element_type=\"container\" data-e-type=\"container\">\n\t\t\t\t\t<div class=\"e-con-inner\">\n\t\t\t\t<div data-dce-text-color=\"#FFFFFF\" class=\"elementor-element elementor-element-1fce67c elementor-icon-list--layout-traditional elementor-list-item-link-full_width elementor-widget elementor-widget-icon-list\" data-id=\"1fce67c\" data-element_type=\"widget\" data-e-type=\"widget\" data-widget_type=\"icon-list.default\">\n\t\t\t\t<div class=\"elementor-widget-container\">\n\t\t\t\t\t\t\t<ul class=\"elementor-icon-list-items\">\n\t\t\t\t\t\t\t<li class=\"elementor-icon-list-item\">\n\t\t\t\t\t\t\t\t\t\t\t<span class=\"elementor-icon-list-icon\">\n\t\t\t\t\t\t\t<svg aria-hidden=\"true\" class=\"e-font-icon-svg e-fas-check-circle\" viewBox=\"0 0 512 512\" xmlns=\"http:\/\/www.w3.org\/2000\/svg\"><path d=\"M504 256c0 136.967-111.033 248-248 248S8 392.967 8 256 119.033 8 256 8s248 111.033 248 248zM227.314 387.314l184-184c6.248-6.248 6.248-16.379 0-22.627l-22.627-22.627c-6.248-6.249-16.379-6.249-22.628 0L216 308.118l-70.059-70.059c-6.248-6.248-16.379-6.248-22.628 0l-22.627 22.627c-6.248 6.248-6.248 16.379 0 22.627l104 104c6.249 6.249 16.379 6.249 22.628.001z\"><\/path><\/svg>\t\t\t\t\t\t<\/span>\n\t\t\t\t\t\t\t\t\t\t<span class=\"elementor-icon-list-text\">DIGITECH pertany al Grup Digitalent, l\u00edder mundial educatiu de l'era digital.<\/span>\n\t\t\t\t\t\t\t\t\t<\/li>\n\t\t\t\t\t\t<\/ul>\n\t\t\t\t\t\t<\/div>\n\t\t\t\t<\/div>\n\t\t\t\t\t<\/div>\n\t\t\t\t<\/div>\n\t\t\t\t\t<\/div>\n\t\t\t\t<\/div>\n\t\t\t\t<\/div>\n\t\t\t\t\t<\/div>\n\t\t\t\t<\/div>\n\t\t\t\t\t<\/div>\n\t\t\t\t<\/div>\n\t\t<div data-dce-background-overlay-color=\"#FFFFFF\" class=\"elementor-element elementor-element-be82d56 e-flex e-con-boxed e-con e-child\" data-id=\"be82d56\" data-element_type=\"container\" data-e-type=\"container\">\n\t\t\t\t\t<div class=\"e-con-inner\">\n\t\t<div class=\"elementor-element elementor-element-5e8ed5b e-grid e-con-full e-con e-child\" data-id=\"5e8ed5b\" data-element_type=\"container\" data-e-type=\"container\">\n\t\t<div class=\"elementor-element elementor-element-87040ab e-con-full e-flex e-con e-child\" data-id=\"87040ab\" data-element_type=\"container\" data-e-type=\"container\">\n\t\t\t\t<div data-dce-title-color=\"#1B1B1B\" class=\"elementor-element elementor-element-031b1f3 elementor-widget elementor-widget-heading\" data-id=\"031b1f3\" data-element_type=\"widget\" data-e-type=\"widget\" data-widget_type=\"heading.default\">\n\t\t\t\t<div class=\"elementor-widget-container\">\n\t\t\t\t\t<h4 class=\"elementor-heading-title elementor-size-default\">Treballa a DIGITECH<\/h4>\t\t\t\t<\/div>\n\t\t\t\t<\/div>\n\t\t\t\t<div data-dce-text-color=\"#000000\" class=\"elementor-element elementor-element-076df22 elementor-widget elementor-widget-text-editor\" data-id=\"076df22\" data-element_type=\"widget\" data-e-type=\"widget\" data-widget_type=\"text-editor.default\">\n\t\t\t\t<div class=\"elementor-widget-container\">\n\t\t\t\t\t\t\t\t\t<div id=\"model-response-message-contentr_1a3498f0af1a27f1\" class=\"markdown markdown-main-panel enable-updated-hr-color\" dir=\"ltr\" aria-live=\"polite\" aria-busy=\"false\"><p data-path-to-node=\"0\">Busquem els <b>millors professors de Tecnologia i Digitalitzaci\u00f3<\/b>. La qualitat educativa \u00e9s el m\u00e9s important per a DIGITECH, per aix\u00f2, tenim un <b>fort comprom\u00eds amb els nostres empleats<\/b>. Ens preocupem per la seva motivaci\u00f3 i desenvolupament com a mitj\u00e0 perqu\u00e8 puguin donar el millor de si mateixos en el seu lloc de treball.<\/p><\/div>\t\t\t\t\t\t\t\t<\/div>\n\t\t\t\t<\/div>\n\t\t\t\t<\/div>\n\t\t<div class=\"elementor-element elementor-element-6084b21 form-ofertas e-flex e-con-boxed e-con e-child\" data-id=\"6084b21\" data-element_type=\"container\" data-e-type=\"container\" data-settings=\"{&quot;background_background&quot;:&quot;classic&quot;}\">\n\t\t\t\t\t<div class=\"e-con-inner\">\n\t\t\t\t<div class=\"elementor-element elementor-element-016bbb9 form-oferta elementor-button-align-stretch elementor-widget elementor-widget-form\" data-id=\"016bbb9\" data-element_type=\"widget\" data-e-type=\"widget\" data-settings=\"{&quot;step_next_label&quot;:&quot;Siguiente&quot;,&quot;step_previous_label&quot;:&quot;Anterior&quot;,&quot;button_width&quot;:&quot;25&quot;,&quot;dce_confirm_dialog_enabled&quot;:&quot;no&quot;,&quot;step_type&quot;:&quot;number_text&quot;,&quot;step_icon_shape&quot;:&quot;circle&quot;,&quot;label_icon_size&quot;:{&quot;unit&quot;:&quot;px&quot;,&quot;size&quot;:&quot;&quot;,&quot;sizes&quot;:[]},&quot;field_icon_size&quot;:{&quot;unit&quot;:&quot;px&quot;,&quot;size&quot;:&quot;&quot;,&quot;sizes&quot;:[]}}\" data-widget_type=\"form.default\">\n\t\t\t\t<div class=\"elementor-widget-container\">\n\t\t\t\t\t\t\t<form class=\"elementor-form\" method=\"post\" name=\"Trabaja en Digitech\" aria-label=\"Trabaja en Digitech\">\n\t\t\t<input type=\"hidden\" name=\"post_id\" value=\"35305\"\/>\n\t\t\t<input type=\"hidden\" name=\"form_id\" value=\"016bbb9\"\/>\n\t\t\t<input type=\"hidden\" name=\"referer_title\" value=\"Treballa a Digitech - DigitechFP\" \/>\n\n\t\t\t\t\t\t\t<input type=\"hidden\" name=\"queried_id\" value=\"35305\"\/>\n\t\t\t\n\t\t\t<div class=\"elementor-form-fields-wrapper elementor-labels-above\">\n\t\t\t\t\t\t\t\t<div class=\"elementor-field-type-text elementor-field-group elementor-column elementor-field-group-name elementor-col-50 elementor-field-required\">\n\t\t\t\t\t\t\t\t\t\t\t\t<label for=\"form-field-name\" class=\"elementor-field-label\">\n\t\t\t\t\t\t\t\tNom\t\t\t\t\t\t\t<\/label>\n\t\t\t\t\t\t\t\t\t\t\t\t\t\t<input size=\"1\" type=\"text\" name=\"form_fields[name]\" id=\"form-field-name\" class=\"elementor-field elementor-size-sm  elementor-field-textual\" required=\"required\">\n\t\t\t\t\t\t\t\t\t\t\t<\/div>\n\t\t\t\t\t\t\t\t<div class=\"elementor-field-type-text elementor-field-group elementor-column elementor-field-group-field_a6b0aec elementor-col-50 elementor-field-required\">\n\t\t\t\t\t\t\t\t\t\t\t\t<label for=\"form-field-field_a6b0aec\" class=\"elementor-field-label\">\n\t\t\t\t\t\t\t\tCognoms\t\t\t\t\t\t\t<\/label>\n\t\t\t\t\t\t\t\t\t\t\t\t\t\t<input size=\"1\" type=\"text\" name=\"form_fields[field_a6b0aec]\" id=\"form-field-field_a6b0aec\" class=\"elementor-field elementor-size-sm  elementor-field-textual\" required=\"required\">\n\t\t\t\t\t\t\t\t\t\t\t<\/div>\n\t\t\t\t\t\t\t\t<div class=\"elementor-field-type-number elementor-field-group elementor-column elementor-field-group-field_ccb433f elementor-col-50 elementor-field-required\">\n\t\t\t\t\t\t\t\t\t\t\t\t<label for=\"form-field-field_ccb433f\" class=\"elementor-field-label\">\n\t\t\t\t\t\t\t\tTel\u00e8fon\t\t\t\t\t\t\t<\/label>\n\t\t\t\t\t\t\t\t\t<input type=\"number\" name=\"form_fields[field_ccb433f]\" id=\"form-field-field_ccb433f\" class=\"elementor-field elementor-size-sm  elementor-field-textual\" required=\"required\" min=\"\" max=\"\" >\n\t\t\t\t\t\t<\/div>\n\t\t\t\t\t\t\t\t<div class=\"elementor-field-type-email elementor-field-group elementor-column elementor-field-group-email elementor-col-50 elementor-field-required\">\n\t\t\t\t\t\t\t\t\t\t\t\t<label for=\"form-field-email\" class=\"elementor-field-label\">\n\t\t\t\t\t\t\t\tCorreu electr\u00f2nic\t\t\t\t\t\t\t<\/label>\n\t\t\t\t\t\t\t\t\t\t\t\t\t\t<input size=\"1\" type=\"email\" name=\"form_fields[email]\" id=\"form-field-email\" class=\"elementor-field elementor-size-sm  elementor-field-textual\" required=\"required\">\n\t\t\t\t\t\t\t\t\t\t\t<\/div>\n\t\t\t\t\t\t\t\t<div class=\"elementor-field-type-select elementor-field-group elementor-column elementor-field-group-field_196739f elementor-col-50\">\n\t\t\t\t\t\t\t\t\t\t\t\t<label for=\"form-field-field_196739f\" class=\"elementor-field-label\">\n\t\t\t\t\t\t\t\tA quina de les nostres seus vols treballar?\t\t\t\t\t\t\t<\/label>\n\t\t\t\t\t\t\t\t<div class=\"elementor-field elementor-select-wrapper remove-before \">\n\t\t\t<div class=\"select-caret-down-wrapper\">\n\t\t\t\t<svg aria-hidden=\"true\" class=\"e-font-icon-svg e-eicon-caret-down\" viewBox=\"0 0 571.4 571.4\" xmlns=\"http:\/\/www.w3.org\/2000\/svg\"><path d=\"M571 393Q571 407 561 418L311 668Q300 679 286 679T261 668L11 418Q0 407 0 393T11 368 36 357H536Q550 357 561 368T571 393Z\"><\/path><\/svg>\t\t\t<\/div>\n\t\t\t<select name=\"form_fields[field_196739f]\" id=\"form-field-field_196739f\" class=\"elementor-field-textual elementor-size-sm\">\n\t\t\t\t\t\t\t\t\t<option value=\"Madrid\">Madrid<\/option>\n\t\t\t\t\t\t\t\t\t<option value=\"M\u00e1laga\">M\u00e1laga<\/option>\n\t\t\t\t\t\t\t\t\t<option value=\"Barcelona\">Barcelona<\/option>\n\t\t\t\t\t\t\t<\/select>\n\t\t<\/div>\n\t\t\t\t\t\t<\/div>\n\t\t\t\t\t\t\t\t<div class=\"elementor-field-type-upload elementor-field-group elementor-column elementor-field-group-CV elementor-col-50 elementor-field-required\">\n\t\t\t\t\t\t\t\t\t\t\t\t<label for=\"form-field-CV\" class=\"elementor-field-label\">\n\t\t\t\t\t\t\t\tAdjunta el teu CV\t\t\t\t\t\t\t<\/label>\n\t\t\t\t\t\t\t\t<input type=\"file\" name=\"form_fields[CV]\" id=\"form-field-CV\" class=\"elementor-field elementor-size-sm  elementor-upload-field\" required=\"required\">\n\n\t\t\t\t\t\t<\/div>\n\t\t\t\t\t\t\t\t<div class=\"elementor-field-type-textarea elementor-field-group elementor-column elementor-field-group-comentarios elementor-col-50 elementor-field-required\">\n\t\t\t\t\t\t\t\t\t\t\t\t<label for=\"form-field-comentarios\" class=\"elementor-field-label\">\n\t\t\t\t\t\t\t\tComentaris\t\t\t\t\t\t\t<\/label>\n\t\t\t\t\t\t<textarea class=\"elementor-field-textual elementor-field  elementor-size-sm\" name=\"form_fields[comentarios]\" id=\"form-field-comentarios\" rows=\"3\" required=\"required\"><\/textarea>\t\t\t\t<\/div>\n\t\t\t\t\t\t\t\t<div class=\"elementor-field-type-acceptance elementor-field-group elementor-column elementor-field-group-politica_privacidad elementor-col-100\">\n\t\t\t\t\t\t\t\t\t\t\t\t<label for=\"form-field-politica_privacidad\" class=\"elementor-field-label\">\n\t\t\t\t\t\t\t\tPol\u00edtica de privacitat\t\t\t\t\t\t\t<\/label>\n\t\t\t\t\t\t\t\t<div class=\"elementor-field-subgroup\">\n\t\t\t<span class=\"elementor-field-option\">\n\t\t\t\t<input type=\"checkbox\" name=\"form_fields[politica_privacidad]\" id=\"form-field-politica_privacidad\" class=\"elementor-field elementor-size-sm  elementor-acceptance-field\">\n\t\t\t\t<label for=\"form-field-politica_privacidad\">Accepto la pol\u00edtica de privacitat i els termes i condicions generals<\/label>\t\t\t<\/span>\n\t\t<\/div>\n\t\t\t\t\t\t<\/div>\n\t\t\t\t\t\t\t\t<div class=\"elementor-field-group elementor-column elementor-field-type-submit elementor-col-25 e-form__buttons\">\n\t\t\t\t\t<button class=\"elementor-button elementor-size-sm\" type=\"submit\">\n\t\t\t\t\t\t<span class=\"elementor-button-content-wrapper\">\n\t\t\t\t\t\t\t\t\t\t\t\t\t\t\t\t\t\t\t\t\t\t<span class=\"elementor-button-text\">Enviar<\/span>\n\t\t\t\t\t\t\t\t\t\t\t\t\t<\/span>\n\t\t\t\t\t<\/button>\n\t\t\t\t<\/div>\n\t\t\t<\/div>\n\t\t<\/form>\n\t\t\t\t\t\t<\/div>\n\t\t\t\t<\/div>\n\t\t\t\t\t<\/div>\n\t\t\t\t<\/div>\n\t\t\t\t<\/div>\n\t\t\t\t\t<\/div>\n\t\t\t\t<\/div>\n\t\t\t\t<\/div>\n\t\t","protected":false},"excerpt":{"rendered":"<p>Departament de Recursos Humans Treballa a DIGITECH. El centre especialitzat d&#8217;FP Inform\u00e0tica amb els t\u00edtols oficials m\u00e9s valorats del mercat. DIGITECH pertany al Grup Digitalent, l\u00edder mundial educatiu de l&#8217;era digital. Treballa a DIGITECH Busquem els millors professors de Tecnologia i Digitalitzaci\u00f3. La qualitat educativa \u00e9s el m\u00e9s important per a DIGITECH, per aix\u00f2, tenim [&hellip;]<\/p>\n","protected":false},"author":1,"featured_media":0,"parent":0,"menu_order":0,"comment_status":"closed","ping_status":"closed","template":"","meta":{"_acf_changed":false,"content-type":"","footnotes":""},"modalidad":[],"programa":[],"sede":[],"tipo":[],"tipo_pagina":[],"folder":[],"class_list":["post-35305","page","type-page","status-publish","hentry"],"acf":[],"yoast_head":"<!-- This site is optimized with the Yoast SEO plugin v27.3 - https:\/\/yoast.com\/product\/yoast-seo-wordpress\/ -->\n<title>Treballa a Digitech - DigitechFP<\/title>\n<meta name=\"description\" content=\"Buscamos los mejores profesores de Tecnolog\u00eda y Digitalizaci\u00f3n. La calidad educativa es lo m\u00e1s importante para DIGITECH.\" \/>\n<meta name=\"robots\" content=\"index, follow, max-snippet:-1, max-image-preview:large, max-video-preview:-1\" \/>\n<link rel=\"canonical\" href=\"https:\/\/digitechfp.com\/ca\/trabaja-en-digitech\/\" \/>\n<meta property=\"og:locale\" content=\"ca_ES\" \/>\n<meta property=\"og:type\" content=\"article\" \/>\n<meta property=\"og:title\" content=\"Treballa a Digitech - DigitechFP\" \/>\n<meta property=\"og:description\" content=\"Buscamos los mejores profesores de Tecnolog\u00eda y Digitalizaci\u00f3n. La calidad educativa es lo m\u00e1s importante para DIGITECH.\" \/>\n<meta property=\"og:url\" content=\"https:\/\/digitechfp.com\/ca\/trabaja-en-digitech\/\" \/>\n<meta property=\"og:site_name\" content=\"DigitechFP\" \/>\n<meta property=\"article:modified_time\" content=\"2025-12-03T15:59:04+00:00\" \/>\n<meta name=\"twitter:card\" content=\"summary_large_image\" \/>\n<meta name=\"twitter:label1\" content=\"Temps estimat de lectura\" \/>\n\t<meta name=\"twitter:data1\" content=\"1 minut\" \/>\n<script type=\"application\/ld+json\" class=\"yoast-schema-graph\">{\"@context\":\"https:\\\/\\\/schema.org\",\"@graph\":[{\"@type\":\"WebPage\",\"@id\":\"https:\\\/\\\/digitechfp.com\\\/ca\\\/trabaja-en-digitech\\\/\",\"url\":\"https:\\\/\\\/digitechfp.com\\\/ca\\\/trabaja-en-digitech\\\/\",\"name\":\"Treballa a Digitech - DigitechFP\",\"isPartOf\":{\"@id\":\"https:\\\/\\\/digitechfp.com\\\/ca\\\/#website\"},\"datePublished\":\"2024-07-23T11:47:54+00:00\",\"dateModified\":\"2025-12-03T15:59:04+00:00\",\"description\":\"Buscamos los mejores profesores de Tecnolog\u00eda y Digitalizaci\u00f3n. La calidad educativa es lo m\u00e1s importante para DIGITECH.\",\"breadcrumb\":{\"@id\":\"https:\\\/\\\/digitechfp.com\\\/ca\\\/trabaja-en-digitech\\\/#breadcrumb\"},\"inLanguage\":\"ca\",\"potentialAction\":[{\"@type\":\"ReadAction\",\"target\":[\"https:\\\/\\\/digitechfp.com\\\/ca\\\/trabaja-en-digitech\\\/\"]}]},{\"@type\":\"BreadcrumbList\",\"@id\":\"https:\\\/\\\/digitechfp.com\\\/ca\\\/trabaja-en-digitech\\\/#breadcrumb\",\"itemListElement\":[{\"@type\":\"ListItem\",\"position\":1,\"name\":\"Portada\",\"item\":\"https:\\\/\\\/digitechfp.com\\\/ca\\\/\"},{\"@type\":\"ListItem\",\"position\":2,\"name\":\"Treballa a Digitech\"}]},{\"@type\":\"WebSite\",\"@id\":\"https:\\\/\\\/digitechfp.com\\\/ca\\\/#website\",\"url\":\"https:\\\/\\\/digitechfp.com\\\/ca\\\/\",\"name\":\"DigitechFP\",\"description\":\"\",\"publisher\":{\"@id\":\"https:\\\/\\\/digitechfp.com\\\/ca\\\/#organization\"},\"potentialAction\":[{\"@type\":\"SearchAction\",\"target\":{\"@type\":\"EntryPoint\",\"urlTemplate\":\"https:\\\/\\\/digitechfp.com\\\/ca\\\/?s={search_term_string}\"},\"query-input\":{\"@type\":\"PropertyValueSpecification\",\"valueRequired\":true,\"valueName\":\"search_term_string\"}}],\"inLanguage\":\"ca\"},{\"@type\":\"Organization\",\"@id\":\"https:\\\/\\\/digitechfp.com\\\/ca\\\/#organization\",\"name\":\"DigitechFP\",\"url\":\"https:\\\/\\\/digitechfp.com\\\/ca\\\/\",\"logo\":{\"@type\":\"ImageObject\",\"inLanguage\":\"ca\",\"@id\":\"https:\\\/\\\/digitechfp.com\\\/ca\\\/#\\\/schema\\\/logo\\\/image\\\/\",\"url\":\"https:\\\/\\\/digitechfp.com\\\/wp-content\\\/uploads\\\/2023\\\/12\\\/cropped-VERT-01-BLANCO-RGB.png\",\"contentUrl\":\"https:\\\/\\\/digitechfp.com\\\/wp-content\\\/uploads\\\/2023\\\/12\\\/cropped-VERT-01-BLANCO-RGB.png\",\"width\":508,\"height\":407,\"caption\":\"DigitechFP\"},\"image\":{\"@id\":\"https:\\\/\\\/digitechfp.com\\\/ca\\\/#\\\/schema\\\/logo\\\/image\\\/\"}}]}<\/script>\n<!-- \/ Yoast SEO plugin. -->","yoast_head_json":{"title":"Treballa a Digitech - DigitechFP","description":"Buscamos los mejores profesores de Tecnolog\u00eda y Digitalizaci\u00f3n. La calidad educativa es lo m\u00e1s importante para DIGITECH.","robots":{"index":"index","follow":"follow","max-snippet":"max-snippet:-1","max-image-preview":"max-image-preview:large","max-video-preview":"max-video-preview:-1"},"canonical":"https:\/\/digitechfp.com\/ca\/trabaja-en-digitech\/","og_locale":"ca_ES","og_type":"article","og_title":"Treballa a Digitech - DigitechFP","og_description":"Buscamos los mejores profesores de Tecnolog\u00eda y Digitalizaci\u00f3n. La calidad educativa es lo m\u00e1s importante para DIGITECH.","og_url":"https:\/\/digitechfp.com\/ca\/trabaja-en-digitech\/","og_site_name":"DigitechFP","article_modified_time":"2025-12-03T15:59:04+00:00","twitter_card":"summary_large_image","twitter_misc":{"Temps estimat de lectura":"1 minut"},"schema":{"@context":"https:\/\/schema.org","@graph":[{"@type":"WebPage","@id":"https:\/\/digitechfp.com\/ca\/trabaja-en-digitech\/","url":"https:\/\/digitechfp.com\/ca\/trabaja-en-digitech\/","name":"Treballa a Digitech - DigitechFP","isPartOf":{"@id":"https:\/\/digitechfp.com\/ca\/#website"},"datePublished":"2024-07-23T11:47:54+00:00","dateModified":"2025-12-03T15:59:04+00:00","description":"Buscamos los mejores profesores de Tecnolog\u00eda y Digitalizaci\u00f3n. La calidad educativa es lo m\u00e1s importante para DIGITECH.","breadcrumb":{"@id":"https:\/\/digitechfp.com\/ca\/trabaja-en-digitech\/#breadcrumb"},"inLanguage":"ca","potentialAction":[{"@type":"ReadAction","target":["https:\/\/digitechfp.com\/ca\/trabaja-en-digitech\/"]}]},{"@type":"BreadcrumbList","@id":"https:\/\/digitechfp.com\/ca\/trabaja-en-digitech\/#breadcrumb","itemListElement":[{"@type":"ListItem","position":1,"name":"Portada","item":"https:\/\/digitechfp.com\/ca\/"},{"@type":"ListItem","position":2,"name":"Treballa a Digitech"}]},{"@type":"WebSite","@id":"https:\/\/digitechfp.com\/ca\/#website","url":"https:\/\/digitechfp.com\/ca\/","name":"DigitechFP","description":"","publisher":{"@id":"https:\/\/digitechfp.com\/ca\/#organization"},"potentialAction":[{"@type":"SearchAction","target":{"@type":"EntryPoint","urlTemplate":"https:\/\/digitechfp.com\/ca\/?s={search_term_string}"},"query-input":{"@type":"PropertyValueSpecification","valueRequired":true,"valueName":"search_term_string"}}],"inLanguage":"ca"},{"@type":"Organization","@id":"https:\/\/digitechfp.com\/ca\/#organization","name":"DigitechFP","url":"https:\/\/digitechfp.com\/ca\/","logo":{"@type":"ImageObject","inLanguage":"ca","@id":"https:\/\/digitechfp.com\/ca\/#\/schema\/logo\/image\/","url":"https:\/\/digitechfp.com\/wp-content\/uploads\/2023\/12\/cropped-VERT-01-BLANCO-RGB.png","contentUrl":"https:\/\/digitechfp.com\/wp-content\/uploads\/2023\/12\/cropped-VERT-01-BLANCO-RGB.png","width":508,"height":407,"caption":"DigitechFP"},"image":{"@id":"https:\/\/digitechfp.com\/ca\/#\/schema\/logo\/image\/"}}]}},"_links":{"self":[{"href":"https:\/\/digitechfp.com\/ca\/wp-json\/wp\/v2\/pages\/35305","targetHints":{"allow":["GET"]}}],"collection":[{"href":"https:\/\/digitechfp.com\/ca\/wp-json\/wp\/v2\/pages"}],"about":[{"href":"https:\/\/digitechfp.com\/ca\/wp-json\/wp\/v2\/types\/page"}],"author":[{"embeddable":true,"href":"https:\/\/digitechfp.com\/ca\/wp-json\/wp\/v2\/users\/1"}],"replies":[{"embeddable":true,"href":"https:\/\/digitechfp.com\/ca\/wp-json\/wp\/v2\/comments?post=35305"}],"version-history":[{"count":0,"href":"https:\/\/digitechfp.com\/ca\/wp-json\/wp\/v2\/pages\/35305\/revisions"}],"wp:attachment":[{"href":"https:\/\/digitechfp.com\/ca\/wp-json\/wp\/v2\/media?parent=35305"}],"wp:term":[{"taxonomy":"modalidad","embeddable":true,"href":"https:\/\/digitechfp.com\/ca\/wp-json\/wp\/v2\/modalidad?post=35305"},{"taxonomy":"programa","embeddable":true,"href":"https:\/\/digitechfp.com\/ca\/wp-json\/wp\/v2\/programa?post=35305"},{"taxonomy":"sede","embeddable":true,"href":"https:\/\/digitechfp.com\/ca\/wp-json\/wp\/v2\/sede?post=35305"},{"taxonomy":"tipo","embeddable":true,"href":"https:\/\/digitechfp.com\/ca\/wp-json\/wp\/v2\/tipo?post=35305"},{"taxonomy":"tipo_pagina","embeddable":true,"href":"https:\/\/digitechfp.com\/ca\/wp-json\/wp\/v2\/tipo_pagina?post=35305"},{"taxonomy":"folder","embeddable":true,"href":"https:\/\/digitechfp.com\/ca\/wp-json\/wp\/v2\/folder?post=35305"}],"curies":[{"name":"wp","href":"https:\/\/api.w.org\/{rel}","templated":true}]}}