{"id":35315,"date":"2024-07-19T13:17:25","date_gmt":"2024-07-19T11:17:25","guid":{"rendered":"https:\/\/digitechfp.com\/empresas-ofertas-de-empleo\/"},"modified":"2025-12-04T13:21:37","modified_gmt":"2025-12-04T12:21:37","slug":"empresas-ofertas-de-empleo","status":"publish","type":"page","link":"https:\/\/digitechfp.com\/ca\/empresas-ofertas-de-empleo\/","title":{"rendered":"Ofertes de Feina"},"content":{"rendered":"\t\t<div data-elementor-type=\"wp-page\" data-elementor-id=\"35315\" class=\"elementor elementor-35315 elementor-13243\" data-elementor-post-type=\"page\">\n\t\t\t\t<div class=\"elementor-element elementor-element-1b048ab e-flex e-con-boxed e-con e-parent\" data-id=\"1b048ab\" data-element_type=\"container\" data-e-type=\"container\" data-settings=\"{&quot;background_background&quot;:&quot;classic&quot;}\">\n\t\t\t\t\t<div class=\"e-con-inner\">\n\t\t<div data-dce-background-overlay-color=\"#009DE0\" data-dce-background-image-url=\"https:\/\/digitechfp.com\/wp-content\/uploads\/2024\/07\/anonymous-men-shaking-hands-modern-office-e1721749802167.jpg\" class=\"elementor-element elementor-element-55bf4fa e-flex e-con-boxed e-con e-child\" data-id=\"55bf4fa\" data-element_type=\"container\" data-e-type=\"container\" data-settings=\"{&quot;background_background&quot;:&quot;classic&quot;}\">\n\t\t\t\t\t<div class=\"e-con-inner\">\n\t\t<div class=\"elementor-element elementor-element-cb82950 e-con-full e-flex e-con e-child\" data-id=\"cb82950\" data-element_type=\"container\" data-e-type=\"container\">\n\t\t<div class=\"elementor-element elementor-element-147dcb1 e-flex e-con-boxed e-con e-child\" data-id=\"147dcb1\" data-element_type=\"container\" data-e-type=\"container\">\n\t\t\t\t\t<div class=\"e-con-inner\">\n\t\t\t\t<div data-dce-title-color=\"#FFFFFF\" class=\"elementor-element elementor-element-f262585 elementor-widget elementor-widget-heading\" data-id=\"f262585\" data-element_type=\"widget\" data-e-type=\"widget\" data-widget_type=\"heading.default\">\n\t\t\t\t<div class=\"elementor-widget-container\">\n\t\t\t\t\t<h2 class=\"elementor-heading-title elementor-size-default\">Departament Sortides Professionals<\/h2>\t\t\t\t<\/div>\n\t\t\t\t<\/div>\n\t\t\t\t<div data-dce-title-color=\"#FFFFFF\" class=\"elementor-element elementor-element-51e8036 elementor-widget elementor-widget-heading\" data-id=\"51e8036\" data-element_type=\"widget\" data-e-type=\"widget\" data-widget_type=\"heading.default\">\n\t\t\t\t<div class=\"elementor-widget-container\">\n\t\t\t\t\t<h2 class=\"elementor-heading-title elementor-size-default\">Empreses - Ofertes de feina.<\/h2>\t\t\t\t<\/div>\n\t\t\t\t<\/div>\n\t\t\t\t<div data-dce-title-color=\"#FFFFFF\" class=\"elementor-element elementor-element-04d4394 elementor-widget elementor-widget-heading\" data-id=\"04d4394\" data-element_type=\"widget\" data-e-type=\"widget\" data-widget_type=\"heading.default\">\n\t\t\t\t<div class=\"elementor-widget-container\">\n\t\t\t\t\t<h2 class=\"elementor-heading-title elementor-size-default\">El centre especialitzat d'FP Inform\u00e0tica amb els t\u00edtols oficials m\u00e9s valorats del mercat.<\/h2>\t\t\t\t<\/div>\n\t\t\t\t<\/div>\n\t\t\t\t\t<\/div>\n\t\t\t\t<\/div>\n\t\t<div class=\"elementor-element elementor-element-89243b0 e-flex e-con-boxed e-con e-child\" data-id=\"89243b0\" data-element_type=\"container\" data-e-type=\"container\">\n\t\t\t\t\t<div class=\"e-con-inner\">\n\t\t<div class=\"elementor-element elementor-element-77d7e5e e-flex e-con-boxed e-con e-child\" data-id=\"77d7e5e\" data-element_type=\"container\" data-e-type=\"container\">\n\t\t\t\t\t<div class=\"e-con-inner\">\n\t\t\t\t<div data-dce-text-color=\"#FFFFFF\" class=\"elementor-element elementor-element-1fce67c elementor-icon-list--layout-traditional elementor-list-item-link-full_width elementor-widget elementor-widget-icon-list\" data-id=\"1fce67c\" data-element_type=\"widget\" data-e-type=\"widget\" data-widget_type=\"icon-list.default\">\n\t\t\t\t<div class=\"elementor-widget-container\">\n\t\t\t\t\t\t\t<ul class=\"elementor-icon-list-items\">\n\t\t\t\t\t\t\t<li class=\"elementor-icon-list-item\">\n\t\t\t\t\t\t\t\t\t\t\t<span class=\"elementor-icon-list-icon\">\n\t\t\t\t\t\t\t<svg aria-hidden=\"true\" class=\"e-font-icon-svg e-fas-check-circle\" viewBox=\"0 0 512 512\" xmlns=\"http:\/\/www.w3.org\/2000\/svg\"><path d=\"M504 256c0 136.967-111.033 248-248 248S8 392.967 8 256 119.033 8 256 8s248 111.033 248 248zM227.314 387.314l184-184c6.248-6.248 6.248-16.379 0-22.627l-22.627-22.627c-6.248-6.249-16.379-6.249-22.628 0L216 308.118l-70.059-70.059c-6.248-6.248-16.379-6.248-22.628 0l-22.627 22.627c-6.248 6.248-6.248 16.379 0 22.627l104 104c6.249 6.249 16.379 6.249 22.628.001z\"><\/path><\/svg>\t\t\t\t\t\t<\/span>\n\t\t\t\t\t\t\t\t\t\t<span class=\"elementor-icon-list-text\">DIGITECH pertany al Grup Digitalent, l\u00edder mundial educatiu de l'era digital.<\/span>\n\t\t\t\t\t\t\t\t\t<\/li>\n\t\t\t\t\t\t<\/ul>\n\t\t\t\t\t\t<\/div>\n\t\t\t\t<\/div>\n\t\t\t\t\t<\/div>\n\t\t\t\t<\/div>\n\t\t\t\t\t<\/div>\n\t\t\t\t<\/div>\n\t\t\t\t<\/div>\n\t\t\t\t\t<\/div>\n\t\t\t\t<\/div>\n\t\t\t\t\t<\/div>\n\t\t\t\t<\/div>\n\t\t<div data-dce-background-overlay-color=\"#FFFFFF\" class=\"elementor-element elementor-element-be82d56 e-flex e-con-boxed e-con e-child\" data-id=\"be82d56\" data-element_type=\"container\" data-e-type=\"container\">\n\t\t\t\t\t<div class=\"e-con-inner\">\n\t\t<div class=\"elementor-element elementor-element-5e8ed5b e-grid e-con-full e-con e-child\" data-id=\"5e8ed5b\" data-element_type=\"container\" data-e-type=\"container\">\n\t\t<div class=\"elementor-element elementor-element-87040ab e-con-full e-flex e-con e-child\" data-id=\"87040ab\" data-element_type=\"container\" data-e-type=\"container\">\n\t\t\t\t<div data-dce-title-color=\"#1B1B1B\" class=\"elementor-element elementor-element-031b1f3 elementor-widget elementor-widget-heading\" data-id=\"031b1f3\" data-element_type=\"widget\" data-e-type=\"widget\" data-widget_type=\"heading.default\">\n\t\t\t\t<div class=\"elementor-widget-container\">\n\t\t\t\t\t<h4 class=\"elementor-heading-title elementor-size-default\">Ofertes de feina.<\/h4>\t\t\t\t<\/div>\n\t\t\t\t<\/div>\n\t\t\t\t<div data-dce-text-color=\"#000000\" class=\"elementor-element elementor-element-076df22 elementor-widget elementor-widget-text-editor\" data-id=\"076df22\" data-element_type=\"widget\" data-e-type=\"widget\" data-widget_type=\"text-editor.default\">\n\t\t\t\t<div class=\"elementor-widget-container\">\n\t\t\t\t\t\t\t\t\t<div id=\"model-response-message-contentr_a8df9d45123119c6\" class=\"markdown markdown-main-panel enable-updated-hr-color\" dir=\"ltr\" aria-live=\"polite\" aria-busy=\"false\"><p data-path-to-node=\"0\">Si la seva empresa est\u00e0 buscant <b>perfils professionals en Tecnologia i Digitalitzaci\u00f3,<\/b> pot emplenar el seg\u00fcent formulari i la seva oferta de feina ser\u00e0 gestionada pel <b>departament de sortides professionals<\/b>. Un cop comunicat internament als nostres alumnes, els enviarem els perfils seleccionats. Moltes gr\u00e0cies.<\/p><\/div>\t\t\t\t\t\t\t\t<\/div>\n\t\t\t\t<\/div>\n\t\t\t\t<\/div>\n\t\t<div class=\"elementor-element elementor-element-6084b21 form-ofertas e-flex e-con-boxed e-con e-child\" data-id=\"6084b21\" data-element_type=\"container\" data-e-type=\"container\" data-settings=\"{&quot;background_background&quot;:&quot;classic&quot;}\">\n\t\t\t\t\t<div class=\"e-con-inner\">\n\t\t\t\t<div class=\"elementor-element elementor-element-016bbb9 form-oferta elementor-button-align-stretch elementor-widget elementor-widget-form\" data-id=\"016bbb9\" data-element_type=\"widget\" data-e-type=\"widget\" data-settings=\"{&quot;step_next_label&quot;:&quot;Siguiente&quot;,&quot;step_previous_label&quot;:&quot;Anterior&quot;,&quot;button_width&quot;:&quot;25&quot;,&quot;dce_confirm_dialog_enabled&quot;:&quot;no&quot;,&quot;step_type&quot;:&quot;number_text&quot;,&quot;step_icon_shape&quot;:&quot;circle&quot;,&quot;label_icon_size&quot;:{&quot;unit&quot;:&quot;px&quot;,&quot;size&quot;:&quot;&quot;,&quot;sizes&quot;:[]},&quot;field_icon_size&quot;:{&quot;unit&quot;:&quot;px&quot;,&quot;size&quot;:&quot;&quot;,&quot;sizes&quot;:[]}}\" data-widget_type=\"form.default\">\n\t\t\t\t<div class=\"elementor-widget-container\">\n\t\t\t\t\t\t\t<form class=\"elementor-form\" method=\"post\" name=\"Ofertas de Empleo\" aria-label=\"Ofertas de Empleo\">\n\t\t\t<input type=\"hidden\" name=\"post_id\" value=\"35315\"\/>\n\t\t\t<input type=\"hidden\" name=\"form_id\" value=\"016bbb9\"\/>\n\t\t\t<input type=\"hidden\" name=\"referer_title\" value=\"Ofertes de Feina - DigitechFP\" \/>\n\n\t\t\t\t\t\t\t<input type=\"hidden\" name=\"queried_id\" value=\"35315\"\/>\n\t\t\t\n\t\t\t<div class=\"elementor-form-fields-wrapper elementor-labels-\">\n\t\t\t\t\t\t\t\t<div class=\"elementor-field-type-text elementor-field-group elementor-column elementor-field-group-name elementor-col-50 elementor-field-required\">\n\t\t\t\t\t\t\t\t\t\t\t\t<label for=\"form-field-name\" class=\"elementor-field-label elementor-screen-only\">\n\t\t\t\t\t\t\t\tNom\t\t\t\t\t\t\t<\/label>\n\t\t\t\t\t\t\t\t\t\t\t\t\t\t<input size=\"1\" type=\"text\" name=\"form_fields[name]\" id=\"form-field-name\" class=\"elementor-field elementor-size-sm  elementor-field-textual\" placeholder=\"Nom\" required=\"required\">\n\t\t\t\t\t\t\t\t\t\t\t<\/div>\n\t\t\t\t\t\t\t\t<div class=\"elementor-field-type-text elementor-field-group elementor-column elementor-field-group-field_f8c6eec elementor-col-50 elementor-field-required\">\n\t\t\t\t\t\t\t\t\t\t\t\t<label for=\"form-field-field_f8c6eec\" class=\"elementor-field-label elementor-screen-only\">\n\t\t\t\t\t\t\t\tEmpresa\t\t\t\t\t\t\t<\/label>\n\t\t\t\t\t\t\t\t\t\t\t\t\t\t<input size=\"1\" type=\"text\" name=\"form_fields[field_f8c6eec]\" id=\"form-field-field_f8c6eec\" class=\"elementor-field elementor-size-sm  elementor-field-textual\" placeholder=\"Empresa\" required=\"required\">\n\t\t\t\t\t\t\t\t\t\t\t<\/div>\n\t\t\t\t\t\t\t\t<div class=\"elementor-field-type-text elementor-field-group elementor-column elementor-field-group-field_a6b0aec elementor-col-50 elementor-field-required\">\n\t\t\t\t\t\t\t\t\t\t\t\t<label for=\"form-field-field_a6b0aec\" class=\"elementor-field-label elementor-screen-only\">\n\t\t\t\t\t\t\t\tCognoms\t\t\t\t\t\t\t<\/label>\n\t\t\t\t\t\t\t\t\t\t\t\t\t\t<input size=\"1\" type=\"text\" name=\"form_fields[field_a6b0aec]\" id=\"form-field-field_a6b0aec\" class=\"elementor-field elementor-size-sm  elementor-field-textual\" placeholder=\"Cognoms\" required=\"required\">\n\t\t\t\t\t\t\t\t\t\t\t<\/div>\n\t\t\t\t\t\t\t\t<div class=\"elementor-field-type-number elementor-field-group elementor-column elementor-field-group-field_ccb433f elementor-col-50 elementor-field-required\">\n\t\t\t\t\t\t\t\t\t\t\t\t<label for=\"form-field-field_ccb433f\" class=\"elementor-field-label elementor-screen-only\">\n\t\t\t\t\t\t\t\tTel\u00e8fon\t\t\t\t\t\t\t<\/label>\n\t\t\t\t\t\t\t\t\t<input type=\"number\" name=\"form_fields[field_ccb433f]\" id=\"form-field-field_ccb433f\" class=\"elementor-field elementor-size-sm  elementor-field-textual\" placeholder=\"Tel\u00e8fon\" required=\"required\" min=\"\" max=\"\" >\n\t\t\t\t\t\t<\/div>\n\t\t\t\t\t\t\t\t<div class=\"elementor-field-type-email elementor-field-group elementor-column elementor-field-group-email elementor-col-50 elementor-field-required\">\n\t\t\t\t\t\t\t\t\t\t\t\t<label for=\"form-field-email\" class=\"elementor-field-label elementor-screen-only\">\n\t\t\t\t\t\t\t\tCorreu electr\u00f2nic\t\t\t\t\t\t\t<\/label>\n\t\t\t\t\t\t\t\t\t\t\t\t\t\t<input size=\"1\" type=\"email\" name=\"form_fields[email]\" id=\"form-field-email\" class=\"elementor-field elementor-size-sm  elementor-field-textual\" placeholder=\"Correu electr\u00f2nic\" required=\"required\">\n\t\t\t\t\t\t\t\t\t\t\t<\/div>\n\t\t\t\t\t\t\t\t<div class=\"elementor-field-type-text elementor-field-group elementor-column elementor-field-group-field_c98b0ed elementor-col-50 elementor-field-required\">\n\t\t\t\t\t\t\t\t\t\t\t\t<label for=\"form-field-field_c98b0ed\" class=\"elementor-field-label elementor-screen-only\">\n\t\t\t\t\t\t\t\tOferta de feina\t\t\t\t\t\t\t<\/label>\n\t\t\t\t\t\t\t\t\t\t\t\t\t\t<input size=\"1\" type=\"text\" name=\"form_fields[field_c98b0ed]\" id=\"form-field-field_c98b0ed\" class=\"elementor-field elementor-size-sm  elementor-field-textual\" placeholder=\"Oferta de feina\" required=\"required\">\n\t\t\t\t\t\t\t\t\t\t\t<\/div>\n\t\t\t\t\t\t\t\t<div class=\"elementor-field-type-textarea elementor-field-group elementor-column elementor-field-group-message elementor-col-100\">\n\t\t\t\t\t\t\t\t\t\t\t\t<label for=\"form-field-message\" class=\"elementor-field-label elementor-screen-only\">\n\t\t\t\t\t\t\t\tDescripci\u00f3 del lloc de treball\t\t\t\t\t\t\t<\/label>\n\t\t\t\t\t\t<textarea class=\"elementor-field-textual elementor-field  elementor-size-sm\" name=\"form_fields[message]\" id=\"form-field-message\" rows=\"4\" placeholder=\"Descripci\u00f3 del lloc de treball\"><\/textarea>\t\t\t\t<\/div>\n\t\t\t\t\t\t\t\t<div class=\"elementor-field-type-upload elementor-field-group elementor-column elementor-field-group-field_aa9cb4d elementor-col-100 elementor-field-required\">\n\t\t\t\t\t\t\t\t\t\t\t\t<label for=\"form-field-field_aa9cb4d\" class=\"elementor-field-label elementor-screen-only\">\n\t\t\t\t\t\t\t\tAdjuntar fitxer\t\t\t\t\t\t\t<\/label>\n\t\t\t\t\t\t\t\t<input type=\"file\" name=\"form_fields[field_aa9cb4d]\" id=\"form-field-field_aa9cb4d\" class=\"elementor-field elementor-size-sm  elementor-upload-field\" required=\"required\">\n\n\t\t\t\t\t\t<\/div>\n\t\t\t\t\t\t\t\t<div class=\"elementor-field-type-acceptance elementor-field-group elementor-column elementor-field-group-field_73c89c9 elementor-col-100\">\n\t\t\t\t\t\t\t\t\t\t\t\t<label for=\"form-field-field_73c89c9\" class=\"elementor-field-label elementor-screen-only\">\n\t\t\t\t\t\t\t\tAcepto la pol\u00edtica de privacidad y los t\u00e9rminos y condiciones generales\t\t\t\t\t\t\t<\/label>\n\t\t\t\t\t\t\t\t<div class=\"elementor-field-subgroup\">\n\t\t\t<span class=\"elementor-field-option\">\n\t\t\t\t<input type=\"checkbox\" name=\"form_fields[field_73c89c9]\" id=\"form-field-field_73c89c9\" class=\"elementor-field elementor-size-sm  elementor-acceptance-field\">\n\t\t\t\t<label for=\"form-field-field_73c89c9\">Accepto la pol\u00edtica de privacitat i els termes i condicions generals<\/label>\t\t\t<\/span>\n\t\t<\/div>\n\t\t\t\t\t\t<\/div>\n\t\t\t\t\t\t\t\t<div class=\"elementor-field-group elementor-column elementor-field-type-submit elementor-col-25 e-form__buttons\">\n\t\t\t\t\t<button class=\"elementor-button elementor-size-sm\" type=\"submit\">\n\t\t\t\t\t\t<span class=\"elementor-button-content-wrapper\">\n\t\t\t\t\t\t\t\t\t\t\t\t\t\t\t\t\t\t\t\t\t\t<span class=\"elementor-button-text\">Enviar<\/span>\n\t\t\t\t\t\t\t\t\t\t\t\t\t<\/span>\n\t\t\t\t\t<\/button>\n\t\t\t\t<\/div>\n\t\t\t<\/div>\n\t\t<\/form>\n\t\t\t\t\t\t<\/div>\n\t\t\t\t<\/div>\n\t\t\t\t\t<\/div>\n\t\t\t\t<\/div>\n\t\t\t\t<\/div>\n\t\t\t\t\t<\/div>\n\t\t\t\t<\/div>\n\t\t\t\t<\/div>\n\t\t","protected":false},"excerpt":{"rendered":"<p>Departament Sortides Professionals Empreses &#8211; Ofertes de feina. El centre especialitzat d&#8217;FP Inform\u00e0tica amb els t\u00edtols oficials m\u00e9s valorats del mercat. DIGITECH pertany al Grup Digitalent, l\u00edder mundial educatiu de l&#8217;era digital. Ofertes de feina. Si la seva empresa est\u00e0 buscant perfils professionals en Tecnologia i Digitalitzaci\u00f3, pot emplenar el seg\u00fcent formulari i la seva [&hellip;]<\/p>\n","protected":false},"author":1,"featured_media":0,"parent":0,"menu_order":0,"comment_status":"closed","ping_status":"closed","template":"","meta":{"_acf_changed":false,"content-type":"","footnotes":""},"modalidad":[],"programa":[],"sede":[],"tipo":[],"tipo_pagina":[],"folder":[],"class_list":["post-35315","page","type-page","status-publish","hentry"],"acf":[],"yoast_head":"<!-- This site is optimized with the Yoast SEO plugin v27.3 - https:\/\/yoast.com\/product\/yoast-seo-wordpress\/ -->\n<title>Ofertes de Feina - DigitechFP<\/title>\n<meta name=\"description\" content=\"Si su empresa est\u00e1 buscando perfiles profesionales en Tecnolog\u00eda y Digitalizaci\u00f3n, puede cumplimentar el siguiente formulario.\" \/>\n<meta name=\"robots\" content=\"index, follow, max-snippet:-1, max-image-preview:large, max-video-preview:-1\" \/>\n<link rel=\"canonical\" href=\"https:\/\/digitechfp.com\/ca\/empresas-ofertas-de-empleo\/\" \/>\n<meta property=\"og:locale\" content=\"ca_ES\" \/>\n<meta property=\"og:type\" content=\"article\" \/>\n<meta property=\"og:title\" content=\"Ofertes de Feina - DigitechFP\" \/>\n<meta property=\"og:description\" content=\"Si su empresa est\u00e1 buscando perfiles profesionales en Tecnolog\u00eda y Digitalizaci\u00f3n, puede cumplimentar el siguiente formulario.\" \/>\n<meta property=\"og:url\" content=\"https:\/\/digitechfp.com\/ca\/empresas-ofertas-de-empleo\/\" \/>\n<meta property=\"og:site_name\" content=\"DigitechFP\" \/>\n<meta property=\"article:modified_time\" content=\"2025-12-04T12:21:37+00:00\" \/>\n<meta name=\"twitter:card\" content=\"summary_large_image\" \/>\n<meta name=\"twitter:label1\" content=\"Temps estimat de lectura\" \/>\n\t<meta name=\"twitter:data1\" content=\"1 minut\" \/>\n<script type=\"application\/ld+json\" class=\"yoast-schema-graph\">{\"@context\":\"https:\\\/\\\/schema.org\",\"@graph\":[{\"@type\":\"WebPage\",\"@id\":\"https:\\\/\\\/digitechfp.com\\\/ca\\\/empresas-ofertas-de-empleo\\\/\",\"url\":\"https:\\\/\\\/digitechfp.com\\\/ca\\\/empresas-ofertas-de-empleo\\\/\",\"name\":\"Ofertes de Feina - DigitechFP\",\"isPartOf\":{\"@id\":\"https:\\\/\\\/digitechfp.com\\\/ca\\\/#website\"},\"datePublished\":\"2024-07-19T11:17:25+00:00\",\"dateModified\":\"2025-12-04T12:21:37+00:00\",\"description\":\"Si su empresa est\u00e1 buscando perfiles profesionales en Tecnolog\u00eda y Digitalizaci\u00f3n, puede cumplimentar el siguiente formulario.\",\"breadcrumb\":{\"@id\":\"https:\\\/\\\/digitechfp.com\\\/ca\\\/empresas-ofertas-de-empleo\\\/#breadcrumb\"},\"inLanguage\":\"ca\",\"potentialAction\":[{\"@type\":\"ReadAction\",\"target\":[\"https:\\\/\\\/digitechfp.com\\\/ca\\\/empresas-ofertas-de-empleo\\\/\"]}]},{\"@type\":\"BreadcrumbList\",\"@id\":\"https:\\\/\\\/digitechfp.com\\\/ca\\\/empresas-ofertas-de-empleo\\\/#breadcrumb\",\"itemListElement\":[{\"@type\":\"ListItem\",\"position\":1,\"name\":\"Portada\",\"item\":\"https:\\\/\\\/digitechfp.com\\\/ca\\\/\"},{\"@type\":\"ListItem\",\"position\":2,\"name\":\"Ofertes de Feina\"}]},{\"@type\":\"WebSite\",\"@id\":\"https:\\\/\\\/digitechfp.com\\\/ca\\\/#website\",\"url\":\"https:\\\/\\\/digitechfp.com\\\/ca\\\/\",\"name\":\"DigitechFP\",\"description\":\"\",\"publisher\":{\"@id\":\"https:\\\/\\\/digitechfp.com\\\/ca\\\/#organization\"},\"potentialAction\":[{\"@type\":\"SearchAction\",\"target\":{\"@type\":\"EntryPoint\",\"urlTemplate\":\"https:\\\/\\\/digitechfp.com\\\/ca\\\/?s={search_term_string}\"},\"query-input\":{\"@type\":\"PropertyValueSpecification\",\"valueRequired\":true,\"valueName\":\"search_term_string\"}}],\"inLanguage\":\"ca\"},{\"@type\":\"Organization\",\"@id\":\"https:\\\/\\\/digitechfp.com\\\/ca\\\/#organization\",\"name\":\"DigitechFP\",\"url\":\"https:\\\/\\\/digitechfp.com\\\/ca\\\/\",\"logo\":{\"@type\":\"ImageObject\",\"inLanguage\":\"ca\",\"@id\":\"https:\\\/\\\/digitechfp.com\\\/ca\\\/#\\\/schema\\\/logo\\\/image\\\/\",\"url\":\"https:\\\/\\\/digitechfp.com\\\/wp-content\\\/uploads\\\/2023\\\/12\\\/cropped-VERT-01-BLANCO-RGB.png\",\"contentUrl\":\"https:\\\/\\\/digitechfp.com\\\/wp-content\\\/uploads\\\/2023\\\/12\\\/cropped-VERT-01-BLANCO-RGB.png\",\"width\":508,\"height\":407,\"caption\":\"DigitechFP\"},\"image\":{\"@id\":\"https:\\\/\\\/digitechfp.com\\\/ca\\\/#\\\/schema\\\/logo\\\/image\\\/\"}}]}<\/script>\n<!-- \/ Yoast SEO plugin. -->","yoast_head_json":{"title":"Ofertes de Feina - DigitechFP","description":"Si su empresa est\u00e1 buscando perfiles profesionales en Tecnolog\u00eda y Digitalizaci\u00f3n, puede cumplimentar el siguiente formulario.","robots":{"index":"index","follow":"follow","max-snippet":"max-snippet:-1","max-image-preview":"max-image-preview:large","max-video-preview":"max-video-preview:-1"},"canonical":"https:\/\/digitechfp.com\/ca\/empresas-ofertas-de-empleo\/","og_locale":"ca_ES","og_type":"article","og_title":"Ofertes de Feina - DigitechFP","og_description":"Si su empresa est\u00e1 buscando perfiles profesionales en Tecnolog\u00eda y Digitalizaci\u00f3n, puede cumplimentar el siguiente formulario.","og_url":"https:\/\/digitechfp.com\/ca\/empresas-ofertas-de-empleo\/","og_site_name":"DigitechFP","article_modified_time":"2025-12-04T12:21:37+00:00","twitter_card":"summary_large_image","twitter_misc":{"Temps estimat de lectura":"1 minut"},"schema":{"@context":"https:\/\/schema.org","@graph":[{"@type":"WebPage","@id":"https:\/\/digitechfp.com\/ca\/empresas-ofertas-de-empleo\/","url":"https:\/\/digitechfp.com\/ca\/empresas-ofertas-de-empleo\/","name":"Ofertes de Feina - DigitechFP","isPartOf":{"@id":"https:\/\/digitechfp.com\/ca\/#website"},"datePublished":"2024-07-19T11:17:25+00:00","dateModified":"2025-12-04T12:21:37+00:00","description":"Si su empresa est\u00e1 buscando perfiles profesionales en Tecnolog\u00eda y Digitalizaci\u00f3n, puede cumplimentar el siguiente formulario.","breadcrumb":{"@id":"https:\/\/digitechfp.com\/ca\/empresas-ofertas-de-empleo\/#breadcrumb"},"inLanguage":"ca","potentialAction":[{"@type":"ReadAction","target":["https:\/\/digitechfp.com\/ca\/empresas-ofertas-de-empleo\/"]}]},{"@type":"BreadcrumbList","@id":"https:\/\/digitechfp.com\/ca\/empresas-ofertas-de-empleo\/#breadcrumb","itemListElement":[{"@type":"ListItem","position":1,"name":"Portada","item":"https:\/\/digitechfp.com\/ca\/"},{"@type":"ListItem","position":2,"name":"Ofertes de Feina"}]},{"@type":"WebSite","@id":"https:\/\/digitechfp.com\/ca\/#website","url":"https:\/\/digitechfp.com\/ca\/","name":"DigitechFP","description":"","publisher":{"@id":"https:\/\/digitechfp.com\/ca\/#organization"},"potentialAction":[{"@type":"SearchAction","target":{"@type":"EntryPoint","urlTemplate":"https:\/\/digitechfp.com\/ca\/?s={search_term_string}"},"query-input":{"@type":"PropertyValueSpecification","valueRequired":true,"valueName":"search_term_string"}}],"inLanguage":"ca"},{"@type":"Organization","@id":"https:\/\/digitechfp.com\/ca\/#organization","name":"DigitechFP","url":"https:\/\/digitechfp.com\/ca\/","logo":{"@type":"ImageObject","inLanguage":"ca","@id":"https:\/\/digitechfp.com\/ca\/#\/schema\/logo\/image\/","url":"https:\/\/digitechfp.com\/wp-content\/uploads\/2023\/12\/cropped-VERT-01-BLANCO-RGB.png","contentUrl":"https:\/\/digitechfp.com\/wp-content\/uploads\/2023\/12\/cropped-VERT-01-BLANCO-RGB.png","width":508,"height":407,"caption":"DigitechFP"},"image":{"@id":"https:\/\/digitechfp.com\/ca\/#\/schema\/logo\/image\/"}}]}},"_links":{"self":[{"href":"https:\/\/digitechfp.com\/ca\/wp-json\/wp\/v2\/pages\/35315","targetHints":{"allow":["GET"]}}],"collection":[{"href":"https:\/\/digitechfp.com\/ca\/wp-json\/wp\/v2\/pages"}],"about":[{"href":"https:\/\/digitechfp.com\/ca\/wp-json\/wp\/v2\/types\/page"}],"author":[{"embeddable":true,"href":"https:\/\/digitechfp.com\/ca\/wp-json\/wp\/v2\/users\/1"}],"replies":[{"embeddable":true,"href":"https:\/\/digitechfp.com\/ca\/wp-json\/wp\/v2\/comments?post=35315"}],"version-history":[{"count":0,"href":"https:\/\/digitechfp.com\/ca\/wp-json\/wp\/v2\/pages\/35315\/revisions"}],"wp:attachment":[{"href":"https:\/\/digitechfp.com\/ca\/wp-json\/wp\/v2\/media?parent=35315"}],"wp:term":[{"taxonomy":"modalidad","embeddable":true,"href":"https:\/\/digitechfp.com\/ca\/wp-json\/wp\/v2\/modalidad?post=35315"},{"taxonomy":"programa","embeddable":true,"href":"https:\/\/digitechfp.com\/ca\/wp-json\/wp\/v2\/programa?post=35315"},{"taxonomy":"sede","embeddable":true,"href":"https:\/\/digitechfp.com\/ca\/wp-json\/wp\/v2\/sede?post=35315"},{"taxonomy":"tipo","embeddable":true,"href":"https:\/\/digitechfp.com\/ca\/wp-json\/wp\/v2\/tipo?post=35315"},{"taxonomy":"tipo_pagina","embeddable":true,"href":"https:\/\/digitechfp.com\/ca\/wp-json\/wp\/v2\/tipo_pagina?post=35315"},{"taxonomy":"folder","embeddable":true,"href":"https:\/\/digitechfp.com\/ca\/wp-json\/wp\/v2\/folder?post=35315"}],"curies":[{"name":"wp","href":"https:\/\/api.w.org\/{rel}","templated":true}]}}